{"id":11,"date":"2020-10-15T16:27:42","date_gmt":"2020-10-15T14:27:42","guid":{"rendered":"https:\/\/new.pechovsky.sk\/?page_id=11"},"modified":"2020-10-22T17:11:17","modified_gmt":"2020-10-22T15:11:17","slug":"martin-pechovsky","status":"publish","type":"page","link":"https:\/\/pechovsky.sk\/","title":{"rendered":"Martin Pechovsk\u00fd"},"content":{"rendered":"","protected":false},"excerpt":{"rendered":"","protected":false},"author":2,"featured_media":0,"parent":0,"menu_order":0,"comment_status":"closed","ping_status":"closed","template":"","meta":{"_mi_skip_tracking":false},"yoast_head":"<!-- This site is optimized with the Yoast SEO plugin v15.9.2 - https:\/\/yoast.com\/wordpress\/plugins\/seo\/ -->\n<title>Martin Pechovsk\u00fd - Martin Pechovsk\u00fd - konzultant<\/title>\n<meta name=\"description\" content=\"Konzultant pre inov\u00e1cie, rozvoj, komunik\u00e1ciu a nad\u0161enec pre dvory, farmy a agroturistiku.\" \/>\n<meta name=\"robots\" content=\"index, follow, max-snippet:-1, max-image-preview:large, max-video-preview:-1\" \/>\n<link rel=\"canonical\" href=\"https:\/\/pechovsky.sk\/\" \/>\n<meta property=\"og:locale\" content=\"sk_SK\" \/>\n<meta property=\"og:type\" content=\"article\" \/>\n<meta property=\"og:title\" content=\"Martin Pechovsk\u00fd - konzultant\" \/>\n<meta property=\"og:description\" content=\"Konzultant pre inov\u00e1cie, rozvoj, komunik\u00e1ciu a nad\u0161enec pre dvory, farmy a agroturistiku.\" \/>\n<meta property=\"og:url\" content=\"https:\/\/pechovsky.sk\/\" \/>\n<meta property=\"og:site_name\" content=\"Martin Pechovsk\u00fd - konzultant\" \/>\n<meta property=\"article:publisher\" content=\"https:\/\/www.facebook.com\/martin.pechovsky\" \/>\n<meta property=\"article:modified_time\" content=\"2020-10-22T15:11:17+00:00\" \/>\n<meta property=\"og:image\" content=\"https:\/\/pechovsky.sk\/wp-content\/uploads\/2020\/10\/Sni\u0301mka-obrazovky-2020-10-22-o-17.06.34-scaled.jpg\" \/>\n\t<meta property=\"og:image:width\" content=\"2560\" \/>\n\t<meta property=\"og:image:height\" content=\"1460\" \/>\n<meta name=\"twitter:card\" content=\"summary_large_image\" \/>\n<script type=\"application\/ld+json\" class=\"yoast-schema-graph\">{\"@context\":\"https:\/\/schema.org\",\"@graph\":[{\"@type\":\"WebSite\",\"@id\":\"https:\/\/pechovsky.sk\/#website\",\"url\":\"https:\/\/pechovsky.sk\/\",\"name\":\"Martin Pechovsk\\u00fd - konzultant\",\"description\":\"Konzultant pre inov\\u00e1cie, rozvoj, komunik\\u00e1ciu a nad\\u0161enec pre dvory, farmy a agroturistiku.\",\"potentialAction\":[{\"@type\":\"SearchAction\",\"target\":\"https:\/\/pechovsky.sk\/?s={search_term_string}\",\"query-input\":\"required name=search_term_string\"}],\"inLanguage\":\"sk-SK\"},{\"@type\":\"WebPage\",\"@id\":\"https:\/\/pechovsky.sk\/#webpage\",\"url\":\"https:\/\/pechovsky.sk\/\",\"name\":\"Martin Pechovsk\\u00fd - Martin Pechovsk\\u00fd - konzultant\",\"isPartOf\":{\"@id\":\"https:\/\/pechovsky.sk\/#website\"},\"datePublished\":\"2020-10-15T14:27:42+00:00\",\"dateModified\":\"2020-10-22T15:11:17+00:00\",\"description\":\"Konzultant pre inov\\u00e1cie, rozvoj, komunik\\u00e1ciu a nad\\u0161enec pre dvory, farmy a agroturistiku.\",\"breadcrumb\":{\"@id\":\"https:\/\/pechovsky.sk\/#breadcrumb\"},\"inLanguage\":\"sk-SK\",\"potentialAction\":[{\"@type\":\"ReadAction\",\"target\":[\"https:\/\/pechovsky.sk\/\"]}]},{\"@type\":\"BreadcrumbList\",\"@id\":\"https:\/\/pechovsky.sk\/#breadcrumb\",\"itemListElement\":[{\"@type\":\"ListItem\",\"position\":1,\"item\":{\"@type\":\"WebPage\",\"@id\":\"https:\/\/pechovsky.sk\/\",\"url\":\"https:\/\/pechovsky.sk\/\",\"name\":\"Home\"}},{\"@type\":\"ListItem\",\"position\":2,\"item\":{\"@type\":\"WebPage\",\"@id\":\"https:\/\/pechovsky.sk\/\",\"url\":\"https:\/\/pechovsky.sk\/\",\"name\":\"Martin Pechovsk\\u00fd\"}}]}]}<\/script>\n<!-- \/ Yoast SEO plugin. -->","_links":{"self":[{"href":"https:\/\/pechovsky.sk\/index.php?rest_route=\/wp\/v2\/pages\/11"}],"collection":[{"href":"https:\/\/pechovsky.sk\/index.php?rest_route=\/wp\/v2\/pages"}],"about":[{"href":"https:\/\/pechovsky.sk\/index.php?rest_route=\/wp\/v2\/types\/page"}],"author":[{"embeddable":true,"href":"https:\/\/pechovsky.sk\/index.php?rest_route=\/wp\/v2\/users\/2"}],"replies":[{"embeddable":true,"href":"https:\/\/pechovsky.sk\/index.php?rest_route=%2Fwp%2Fv2%2Fcomments&post=11"}],"version-history":[{"count":1,"href":"https:\/\/pechovsky.sk\/index.php?rest_route=\/wp\/v2\/pages\/11\/revisions"}],"predecessor-version":[{"id":12,"href":"https:\/\/pechovsky.sk\/index.php?rest_route=\/wp\/v2\/pages\/11\/revisions\/12"}],"wp:attachment":[{"href":"https:\/\/pechovsky.sk\/index.php?rest_route=%2Fwp%2Fv2%2Fmedia&parent=11"}],"curies":[{"name":"wp","href":"https:\/\/api.w.org\/{rel}","templated":true}]}}